{"id":13,"date":"2025-08-11T07:26:18","date_gmt":"2025-08-11T07:26:18","guid":{"rendered":"https:\/\/barhaizea.rkinformatika.online\/?page_id=13"},"modified":"2025-08-11T09:43:09","modified_gmt":"2025-08-11T09:43:09","slug":"productos","status":"publish","type":"page","link":"https:\/\/barhaizea.com\/eu\/productos\/","title":{"rendered":"produktuak"},"content":{"rendered":"\t\t<div data-elementor-type=\"wp-page\" data-elementor-id=\"13\" class=\"elementor elementor-13\" data-elementor-post-type=\"page\">\n\t\t\t\t<div class=\"elementor-element elementor-element-10198e7 e-con-full e-flex e-con e-parent\" data-id=\"10198e7\" data-element_type=\"container\" data-e-type=\"container\" data-settings=\"{&quot;background_background&quot;:&quot;classic&quot;,&quot;background_motion_fx_motion_fx_scrolling&quot;:&quot;yes&quot;,&quot;background_motion_fx_devices&quot;:[&quot;desktop&quot;,&quot;tablet&quot;,&quot;mobile&quot;]}\">\n\t\t\t\t<div class=\"elementor-element elementor-element-95d5501 animated-slow elementor-invisible elementor-widget elementor-widget-heading\" data-id=\"95d5501\" data-element_type=\"widget\" data-e-type=\"widget\" data-settings=\"{&quot;_animation_tablet&quot;:&quot;fadeInUp&quot;,&quot;_animation_mobile&quot;:&quot;fadeInUp&quot;,&quot;_animation&quot;:&quot;fadeInUp&quot;}\" data-widget_type=\"heading.default\">\n\t\t\t\t\t<h2 class=\"elementor-heading-title elementor-size-default\">En el coraz\u00f3n de Lequeitio<\/h2>\t\t\t\t<\/div>\n\t\t\t\t<\/div>\n\t\t<div class=\"elementor-element elementor-element-1a3d008 e-flex e-con-boxed e-con e-parent\" data-id=\"1a3d008\" data-element_type=\"container\" data-e-type=\"container\">\n\t\t\t\t\t<div class=\"e-con-inner\">\n\t\t\t\t<div class=\"elementor-element elementor-element-a7a8e28 elementor-position-left elementor-vertical-align-top elementor-widget elementor-widget-image-box\" data-id=\"a7a8e28\" data-element_type=\"widget\" data-e-type=\"widget\" data-widget_type=\"image-box.default\">\n\t\t\t\t\t<div class=\"elementor-image-box-wrapper\"><figure class=\"elementor-image-box-img\"><img fetchpriority=\"high\" decoding=\"async\" width=\"1500\" height=\"1001\" src=\"https:\/\/barhaizea.com\/wp-content\/uploads\/2025\/08\/114.jpg\" class=\"attachment-full size-full wp-image-191\" alt=\"\" srcset=\"https:\/\/barhaizea.com\/wp-content\/uploads\/2025\/08\/114.jpg 1500w, https:\/\/barhaizea.com\/wp-content\/uploads\/2025\/08\/114-300x200.jpg 300w, https:\/\/barhaizea.com\/wp-content\/uploads\/2025\/08\/114-1024x683.jpg 1024w, https:\/\/barhaizea.com\/wp-content\/uploads\/2025\/08\/114-768x513.jpg 768w, https:\/\/barhaizea.com\/wp-content\/uploads\/2025\/08\/114-18x12.jpg 18w\" sizes=\"(max-width: 1500px) 100vw, 1500px\" \/><\/figure><div class=\"elementor-image-box-content\"><h3 class=\"elementor-image-box-title\">Caf\u00e9 reci\u00e9n hecho<\/h3><p class=\"elementor-image-box-description\">Seleccionamos granos de alta calidad para ofrecerte un caf\u00e9 intenso y arom\u00e1tico, preparado con dedicaci\u00f3n para que disfrutes cada sorbo. Desde el cl\u00e1sico espresso hasta suaves capuchinos, tenemos la taza perfecta para tu gusto.<\/p><\/div><\/div>\t\t\t\t<\/div>\n\t\t\t\t\t<\/div>\n\t\t\t\t<\/div>\n\t\t<div class=\"elementor-element elementor-element-0880430 e-flex e-con-boxed e-con e-parent\" data-id=\"0880430\" data-element_type=\"container\" data-e-type=\"container\">\n\t\t\t\t\t<div class=\"e-con-inner\">\n\t\t\t\t<div class=\"elementor-element elementor-element-4cffc33 elementor-position-left elementor-vertical-align-top elementor-widget elementor-widget-image-box\" data-id=\"4cffc33\" data-element_type=\"widget\" data-e-type=\"widget\" data-widget_type=\"image-box.default\">\n\t\t\t\t\t<div class=\"elementor-image-box-wrapper\"><figure class=\"elementor-image-box-img\"><img decoding=\"async\" width=\"1500\" height=\"1000\" src=\"https:\/\/barhaizea.com\/wp-content\/uploads\/2025\/08\/16676382.jpg\" class=\"attachment-full size-full wp-image-195\" alt=\"\" srcset=\"https:\/\/barhaizea.com\/wp-content\/uploads\/2025\/08\/16676382.jpg 1500w, https:\/\/barhaizea.com\/wp-content\/uploads\/2025\/08\/16676382-300x200.jpg 300w, https:\/\/barhaizea.com\/wp-content\/uploads\/2025\/08\/16676382-1024x683.jpg 1024w, https:\/\/barhaizea.com\/wp-content\/uploads\/2025\/08\/16676382-768x512.jpg 768w, https:\/\/barhaizea.com\/wp-content\/uploads\/2025\/08\/16676382-18x12.jpg 18w\" sizes=\"(max-width: 1500px) 100vw, 1500px\" \/><\/figure><div class=\"elementor-image-box-content\"><h3 class=\"elementor-image-box-title\">Pasteler\u00eda casera<\/h3><p class=\"elementor-image-box-description\">Elaboramos diariamente una variedad de dulces y boller\u00eda con recetas tradicionales que recuerdan a los sabores de casa. Croissants, tartas, bizcochos y m\u00e1s, hechos con ingredientes naturales y mucho cari\u00f1o.<\/p><\/div><\/div>\t\t\t\t<\/div>\n\t\t\t\t\t<\/div>\n\t\t\t\t<\/div>\n\t\t<div class=\"elementor-element elementor-element-951df46 e-flex e-con-boxed e-con e-parent\" data-id=\"951df46\" data-element_type=\"container\" data-e-type=\"container\">\n\t\t\t\t\t<div class=\"e-con-inner\">\n\t\t\t\t<div class=\"elementor-element elementor-element-2b5e162 elementor-position-left elementor-vertical-align-top elementor-widget elementor-widget-image-box\" data-id=\"2b5e162\" data-element_type=\"widget\" data-e-type=\"widget\" data-widget_type=\"image-box.default\">\n\t\t\t\t\t<div class=\"elementor-image-box-wrapper\"><figure class=\"elementor-image-box-img\"><img decoding=\"async\" width=\"1500\" height=\"1158\" src=\"https:\/\/barhaizea.com\/wp-content\/uploads\/2025\/08\/2023.jpg\" class=\"attachment-full size-full wp-image-197\" alt=\"\" srcset=\"https:\/\/barhaizea.com\/wp-content\/uploads\/2025\/08\/2023.jpg 1500w, https:\/\/barhaizea.com\/wp-content\/uploads\/2025\/08\/2023-300x232.jpg 300w, https:\/\/barhaizea.com\/wp-content\/uploads\/2025\/08\/2023-1024x791.jpg 1024w, https:\/\/barhaizea.com\/wp-content\/uploads\/2025\/08\/2023-768x593.jpg 768w, https:\/\/barhaizea.com\/wp-content\/uploads\/2025\/08\/2023-16x12.jpg 16w\" sizes=\"(max-width: 1500px) 100vw, 1500px\" \/><\/figure><div class=\"elementor-image-box-content\"><h3 class=\"elementor-image-box-title\">Desayunos completos<\/h3><p class=\"elementor-image-box-description\">Combina tu caf\u00e9 con opciones saludables y sabrosas: tostadas, mermeladas artesanas, yogur natural, fruta fresca y otros acompa\u00f1amientos para empezar el d\u00eda con energ\u00eda.<\/p><\/div><\/div>\t\t\t\t<\/div>\n\t\t\t\t\t<\/div>\n\t\t\t\t<\/div>\n\t\t<div class=\"elementor-element elementor-element-b7dac18 e-flex e-con-boxed e-con e-parent\" data-id=\"b7dac18\" data-element_type=\"container\" data-e-type=\"container\">\n\t\t\t\t\t<div class=\"e-con-inner\">\n\t\t\t\t<div class=\"elementor-element elementor-element-fc62405 elementor-cta--skin-cover elementor-animated-content elementor-bg-transform elementor-bg-transform-zoom-in elementor-widget elementor-widget-call-to-action\" data-id=\"fc62405\" data-element_type=\"widget\" data-e-type=\"widget\" data-widget_type=\"call-to-action.default\">\n\t\t\t\t\t\t\t<div class=\"elementor-cta\">\n\t\t\t\t\t<div class=\"elementor-cta__bg-wrapper\">\n\t\t\t\t<div class=\"elementor-cta__bg elementor-bg\" style=\"background-image: url(https:\/\/barhaizea.com\/wp-content\/uploads\/2025\/08\/9868-1024x408.jpg);\" role=\"img\" aria-label=\"9868\"><\/div>\n\t\t\t\t<div class=\"elementor-cta__bg-overlay\"><\/div>\n\t\t\t<\/div>\n\t\t\t\t\t\t\t<div class=\"elementor-cta__content\">\n\t\t\t\t\n\t\t\t\t\t\t\t\t\t<h2 class=\"elementor-cta__title elementor-cta__content-item elementor-content-item elementor-animated-item--grow\">\n\t\t\t\t\t\tContacto con nosotros\t\t\t\t\t<\/h2>\n\t\t\t\t\n\t\t\t\t\t\t\t\t\t<div class=\"elementor-cta__description elementor-cta__content-item elementor-content-item elementor-animated-item--grow\">\n\t\t\t\t\t\tEstamos a solo un caf\u00e9 de distancia para atenderte con gusto\n\n\t\t\t\t\t<\/div>\n\t\t\t\t\n\t\t\t\t\t\t\t\t\t<div class=\"elementor-cta__button-wrapper elementor-cta__content-item elementor-content-item elementor-animated-item--grow\">\n\t\t\t\t\t<a class=\"elementor-cta__button elementor-button elementor-size-\" href=\"https:\/\/barhaizea.com\/contacto\/\">\n\t\t\t\t\t\tContacto\t\t\t\t\t<\/a>\n\t\t\t\t\t<\/div>\n\t\t\t\t\t\t\t<\/div>\n\t\t\t\t\t\t<\/div>\n\t\t\t\t\t\t<\/div>\n\t\t\t\t\t<\/div>\n\t\t\t\t<\/div>\n\t\t\t\t<\/div>\n\t\t","protected":false},"excerpt":{"rendered":"<p>En el coraz\u00f3n de Lequeitio Caf\u00e9 reci\u00e9n hecho Seleccionamos granos de alta calidad para ofrecerte un caf\u00e9 intenso y arom\u00e1tico, preparado con dedicaci\u00f3n para que disfrutes cada sorbo. Desde el cl\u00e1sico espresso hasta suaves capuchinos, tenemos la taza perfecta para tu gusto. Pasteler\u00eda casera Elaboramos diariamente una variedad de dulces y boller\u00eda con recetas tradicionales [&hellip;]<\/p>\n","protected":false},"author":1,"featured_media":0,"parent":0,"menu_order":0,"comment_status":"closed","ping_status":"closed","template":"elementor_canvas","meta":{"footnotes":""},"class_list":["post-13","page","type-page","status-publish","hentry"],"yoast_head":"<!-- This site is optimized with the Yoast SEO plugin v27.3 - https:\/\/yoast.com\/product\/yoast-seo-wordpress\/ -->\n<title>Productos - Bar Haizea<\/title>\n<meta name=\"robots\" content=\"index, follow, max-snippet:-1, max-image-preview:large, max-video-preview:-1\" \/>\n<link rel=\"canonical\" href=\"https:\/\/barhaizea.com\/eu\/productos\/\" \/>\n<meta property=\"og:locale\" content=\"en_US\" \/>\n<meta property=\"og:type\" content=\"article\" \/>\n<meta property=\"og:title\" content=\"Productos - Bar Haizea\" \/>\n<meta property=\"og:description\" content=\"En el coraz\u00f3n de Lequeitio Caf\u00e9 reci\u00e9n hecho Seleccionamos granos de alta calidad para ofrecerte un caf\u00e9 intenso y arom\u00e1tico, preparado con dedicaci\u00f3n para que disfrutes cada sorbo. Desde el cl\u00e1sico espresso hasta suaves capuchinos, tenemos la taza perfecta para tu gusto. Pasteler\u00eda casera Elaboramos diariamente una variedad de dulces y boller\u00eda con recetas tradicionales [&hellip;]\" \/>\n<meta property=\"og:url\" content=\"https:\/\/barhaizea.com\/eu\/productos\/\" \/>\n<meta property=\"og:site_name\" content=\"Bar Haizea\" \/>\n<meta property=\"article:modified_time\" content=\"2025-08-11T09:43:09+00:00\" \/>\n<meta property=\"og:image\" content=\"https:\/\/barhaizea.com\/wp-content\/uploads\/2025\/08\/114.jpg\" \/>\n<meta name=\"twitter:card\" content=\"summary_large_image\" \/>\n<meta name=\"twitter:label1\" content=\"Est. reading time\" \/>\n\t<meta name=\"twitter:data1\" content=\"2 minutua\" \/>\n<script type=\"application\/ld+json\" class=\"yoast-schema-graph\">{\"@context\":\"https:\\\/\\\/schema.org\",\"@graph\":[{\"@type\":\"WebPage\",\"@id\":\"https:\\\/\\\/barhaizea.com\\\/productos\\\/\",\"url\":\"https:\\\/\\\/barhaizea.com\\\/productos\\\/\",\"name\":\"Productos - Bar Haizea\",\"isPartOf\":{\"@id\":\"https:\\\/\\\/barhaizea.com\\\/#website\"},\"primaryImageOfPage\":{\"@id\":\"https:\\\/\\\/barhaizea.com\\\/productos\\\/#primaryimage\"},\"image\":{\"@id\":\"https:\\\/\\\/barhaizea.com\\\/productos\\\/#primaryimage\"},\"thumbnailUrl\":\"https:\\\/\\\/barhaizea.com\\\/wp-content\\\/uploads\\\/2025\\\/08\\\/114.jpg\",\"datePublished\":\"2025-08-11T07:26:18+00:00\",\"dateModified\":\"2025-08-11T09:43:09+00:00\",\"breadcrumb\":{\"@id\":\"https:\\\/\\\/barhaizea.com\\\/productos\\\/#breadcrumb\"},\"inLanguage\":\"eu\",\"potentialAction\":[{\"@type\":\"ReadAction\",\"target\":[\"https:\\\/\\\/barhaizea.com\\\/productos\\\/\"]}]},{\"@type\":\"ImageObject\",\"inLanguage\":\"eu\",\"@id\":\"https:\\\/\\\/barhaizea.com\\\/productos\\\/#primaryimage\",\"url\":\"https:\\\/\\\/barhaizea.com\\\/wp-content\\\/uploads\\\/2025\\\/08\\\/114.jpg\",\"contentUrl\":\"https:\\\/\\\/barhaizea.com\\\/wp-content\\\/uploads\\\/2025\\\/08\\\/114.jpg\"},{\"@type\":\"BreadcrumbList\",\"@id\":\"https:\\\/\\\/barhaizea.com\\\/productos\\\/#breadcrumb\",\"itemListElement\":[{\"@type\":\"ListItem\",\"position\":1,\"name\":\"Portada\",\"item\":\"https:\\\/\\\/barhaizea.com\\\/\"},{\"@type\":\"ListItem\",\"position\":2,\"name\":\"Productos\"}]},{\"@type\":\"WebSite\",\"@id\":\"https:\\\/\\\/barhaizea.com\\\/#website\",\"url\":\"https:\\\/\\\/barhaizea.com\\\/\",\"name\":\"Bar Haizea\",\"description\":\"Cafeter\u00eda\",\"publisher\":{\"@id\":\"https:\\\/\\\/barhaizea.com\\\/#organization\"},\"potentialAction\":[{\"@type\":\"SearchAction\",\"target\":{\"@type\":\"EntryPoint\",\"urlTemplate\":\"https:\\\/\\\/barhaizea.com\\\/?s={search_term_string}\"},\"query-input\":{\"@type\":\"PropertyValueSpecification\",\"valueRequired\":true,\"valueName\":\"search_term_string\"}}],\"inLanguage\":\"eu\"},{\"@type\":\"Organization\",\"@id\":\"https:\\\/\\\/barhaizea.com\\\/#organization\",\"name\":\"Bar Haizea\",\"url\":\"https:\\\/\\\/barhaizea.com\\\/\",\"logo\":{\"@type\":\"ImageObject\",\"inLanguage\":\"eu\",\"@id\":\"https:\\\/\\\/barhaizea.com\\\/#\\\/schema\\\/logo\\\/image\\\/\",\"url\":\"https:\\\/\\\/barhaizea.com\\\/wp-content\\\/uploads\\\/2025\\\/08\\\/cropped-Haizea-1.png\",\"contentUrl\":\"https:\\\/\\\/barhaizea.com\\\/wp-content\\\/uploads\\\/2025\\\/08\\\/cropped-Haizea-1.png\",\"width\":418,\"height\":207,\"caption\":\"Bar Haizea\"},\"image\":{\"@id\":\"https:\\\/\\\/barhaizea.com\\\/#\\\/schema\\\/logo\\\/image\\\/\"}}]}<\/script>\n<!-- \/ Yoast SEO plugin. -->","yoast_head_json":{"title":"Productos - Bar Haizea","robots":{"index":"index","follow":"follow","max-snippet":"max-snippet:-1","max-image-preview":"max-image-preview:large","max-video-preview":"max-video-preview:-1"},"canonical":"https:\/\/barhaizea.com\/eu\/productos\/","og_locale":"en_US","og_type":"article","og_title":"Productos - Bar Haizea","og_description":"En el coraz\u00f3n de Lequeitio Caf\u00e9 reci\u00e9n hecho Seleccionamos granos de alta calidad para ofrecerte un caf\u00e9 intenso y arom\u00e1tico, preparado con dedicaci\u00f3n para que disfrutes cada sorbo. Desde el cl\u00e1sico espresso hasta suaves capuchinos, tenemos la taza perfecta para tu gusto. Pasteler\u00eda casera Elaboramos diariamente una variedad de dulces y boller\u00eda con recetas tradicionales [&hellip;]","og_url":"https:\/\/barhaizea.com\/eu\/productos\/","og_site_name":"Bar Haizea","article_modified_time":"2025-08-11T09:43:09+00:00","og_image":[{"url":"https:\/\/barhaizea.com\/wp-content\/uploads\/2025\/08\/114.jpg","type":"","width":"","height":""}],"twitter_card":"summary_large_image","twitter_misc":{"Est. reading time":"2 minutua"},"schema":{"@context":"https:\/\/schema.org","@graph":[{"@type":"WebPage","@id":"https:\/\/barhaizea.com\/productos\/","url":"https:\/\/barhaizea.com\/productos\/","name":"Productos - Bar Haizea","isPartOf":{"@id":"https:\/\/barhaizea.com\/#website"},"primaryImageOfPage":{"@id":"https:\/\/barhaizea.com\/productos\/#primaryimage"},"image":{"@id":"https:\/\/barhaizea.com\/productos\/#primaryimage"},"thumbnailUrl":"https:\/\/barhaizea.com\/wp-content\/uploads\/2025\/08\/114.jpg","datePublished":"2025-08-11T07:26:18+00:00","dateModified":"2025-08-11T09:43:09+00:00","breadcrumb":{"@id":"https:\/\/barhaizea.com\/productos\/#breadcrumb"},"inLanguage":"eu","potentialAction":[{"@type":"ReadAction","target":["https:\/\/barhaizea.com\/productos\/"]}]},{"@type":"ImageObject","inLanguage":"eu","@id":"https:\/\/barhaizea.com\/productos\/#primaryimage","url":"https:\/\/barhaizea.com\/wp-content\/uploads\/2025\/08\/114.jpg","contentUrl":"https:\/\/barhaizea.com\/wp-content\/uploads\/2025\/08\/114.jpg"},{"@type":"BreadcrumbList","@id":"https:\/\/barhaizea.com\/productos\/#breadcrumb","itemListElement":[{"@type":"ListItem","position":1,"name":"Portada","item":"https:\/\/barhaizea.com\/"},{"@type":"ListItem","position":2,"name":"Productos"}]},{"@type":"WebSite","@id":"https:\/\/barhaizea.com\/#website","url":"https:\/\/barhaizea.com\/","name":"Bar Haizea","description":"Cafeter\u00eda","publisher":{"@id":"https:\/\/barhaizea.com\/#organization"},"potentialAction":[{"@type":"SearchAction","target":{"@type":"EntryPoint","urlTemplate":"https:\/\/barhaizea.com\/?s={search_term_string}"},"query-input":{"@type":"PropertyValueSpecification","valueRequired":true,"valueName":"search_term_string"}}],"inLanguage":"eu"},{"@type":"Organization","@id":"https:\/\/barhaizea.com\/#organization","name":"Bar Haizea","url":"https:\/\/barhaizea.com\/","logo":{"@type":"ImageObject","inLanguage":"eu","@id":"https:\/\/barhaizea.com\/#\/schema\/logo\/image\/","url":"https:\/\/barhaizea.com\/wp-content\/uploads\/2025\/08\/cropped-Haizea-1.png","contentUrl":"https:\/\/barhaizea.com\/wp-content\/uploads\/2025\/08\/cropped-Haizea-1.png","width":418,"height":207,"caption":"Bar Haizea"},"image":{"@id":"https:\/\/barhaizea.com\/#\/schema\/logo\/image\/"}}]}},"_links":{"self":[{"href":"https:\/\/barhaizea.com\/eu\/wp-json\/wp\/v2\/pages\/13","targetHints":{"allow":["GET"]}}],"collection":[{"href":"https:\/\/barhaizea.com\/eu\/wp-json\/wp\/v2\/pages"}],"about":[{"href":"https:\/\/barhaizea.com\/eu\/wp-json\/wp\/v2\/types\/page"}],"author":[{"embeddable":true,"href":"https:\/\/barhaizea.com\/eu\/wp-json\/wp\/v2\/users\/1"}],"replies":[{"embeddable":true,"href":"https:\/\/barhaizea.com\/eu\/wp-json\/wp\/v2\/comments?post=13"}],"version-history":[{"count":47,"href":"https:\/\/barhaizea.com\/eu\/wp-json\/wp\/v2\/pages\/13\/revisions"}],"predecessor-version":[{"id":234,"href":"https:\/\/barhaizea.com\/eu\/wp-json\/wp\/v2\/pages\/13\/revisions\/234"}],"wp:attachment":[{"href":"https:\/\/barhaizea.com\/eu\/wp-json\/wp\/v2\/media?parent=13"}],"curies":[{"name":"wp","href":"https:\/\/api.w.org\/{rel}","templated":true}]}}