{"id":10,"date":"2025-08-11T07:25:21","date_gmt":"2025-08-11T07:25:21","guid":{"rendered":"https:\/\/barhaizea.rkinformatika.online\/?page_id=10"},"modified":"2025-08-11T09:13:27","modified_gmt":"2025-08-11T09:13:27","slug":"inicio","status":"publish","type":"page","link":"https:\/\/barhaizea.com\/eu\/","title":{"rendered":"Hasiera"},"content":{"rendered":"\t\t<div data-elementor-type=\"wp-page\" data-elementor-id=\"10\" class=\"elementor elementor-10\" data-elementor-post-type=\"page\">\n\t\t\t\t<div class=\"elementor-element elementor-element-92906f5 e-con-full e-flex e-con e-parent\" data-id=\"92906f5\" data-element_type=\"container\" data-e-type=\"container\" data-settings=\"{&quot;background_background&quot;:&quot;classic&quot;,&quot;background_motion_fx_motion_fx_scrolling&quot;:&quot;yes&quot;,&quot;background_motion_fx_devices&quot;:[&quot;desktop&quot;,&quot;tablet&quot;,&quot;mobile&quot;]}\">\n\t\t\t\t<div class=\"elementor-element elementor-element-9367f66 animated-slow elementor-invisible elementor-widget elementor-widget-heading\" data-id=\"9367f66\" data-element_type=\"widget\" data-e-type=\"widget\" data-settings=\"{&quot;_animation_tablet&quot;:&quot;fadeInUp&quot;,&quot;_animation_mobile&quot;:&quot;fadeInUp&quot;,&quot;_animation&quot;:&quot;fadeInUp&quot;}\" data-widget_type=\"heading.default\">\n\t\t\t\t\t<h2 class=\"elementor-heading-title elementor-size-default\">Haizea<\/h2>\t\t\t\t<\/div>\n\t\t\t\t<\/div>\n\t\t<div class=\"elementor-element elementor-element-d6b830b e-flex e-con-boxed e-con e-parent\" data-id=\"d6b830b\" data-element_type=\"container\" data-e-type=\"container\" data-settings=\"{&quot;background_background&quot;:&quot;classic&quot;}\">\n\t\t\t\t\t<div class=\"e-con-inner\">\n\t\t<div class=\"elementor-element elementor-element-4a6552c e-con-full e-flex elementor-invisible e-con e-child\" data-id=\"4a6552c\" data-element_type=\"container\" data-e-type=\"container\" data-settings=\"{&quot;animation&quot;:&quot;fadeInLeft&quot;}\">\n\t\t\t\t<div class=\"elementor-element elementor-element-3435ff5 elementor-widget elementor-widget-image\" data-id=\"3435ff5\" data-element_type=\"widget\" data-e-type=\"widget\" data-widget_type=\"image.default\">\n\t\t\t\t\t\t\t\t\t\t\t\t\t\t\t<img fetchpriority=\"high\" decoding=\"async\" width=\"800\" height=\"534\" src=\"https:\/\/barhaizea.com\/wp-content\/uploads\/2025\/08\/9104-1024x683.jpg\" class=\"attachment-large size-large wp-image-109\" alt=\"\" srcset=\"https:\/\/barhaizea.com\/wp-content\/uploads\/2025\/08\/9104-1024x683.jpg 1024w, https:\/\/barhaizea.com\/wp-content\/uploads\/2025\/08\/9104-300x200.jpg 300w, https:\/\/barhaizea.com\/wp-content\/uploads\/2025\/08\/9104-768x512.jpg 768w, https:\/\/barhaizea.com\/wp-content\/uploads\/2025\/08\/9104-18x12.jpg 18w, https:\/\/barhaizea.com\/wp-content\/uploads\/2025\/08\/9104.jpg 1500w\" sizes=\"(max-width: 800px) 100vw, 800px\" \/>\t\t\t\t\t\t\t\t\t\t\t\t\t\t\t<\/div>\n\t\t\t\t<\/div>\n\t\t<div class=\"elementor-element elementor-element-d856034 e-con-full e-flex e-con e-child\" data-id=\"d856034\" data-element_type=\"container\" data-e-type=\"container\">\n\t\t\t\t<div class=\"elementor-element elementor-element-c7fcce5 elementor-widget elementor-widget-heading\" data-id=\"c7fcce5\" data-element_type=\"widget\" data-e-type=\"widget\" data-widget_type=\"heading.default\">\n\t\t\t\t\t<h2 class=\"elementor-heading-title elementor-size-default\">Sobre Nosotros<\/h2>\t\t\t\t<\/div>\n\t\t\t\t<div class=\"elementor-element elementor-element-a9abf16 elementor-widget elementor-widget-text-editor\" data-id=\"a9abf16\" data-element_type=\"widget\" data-e-type=\"widget\" data-widget_type=\"text-editor.default\">\n\t\t\t\t\t\t\t\t\t<p data-start=\"68\" data-end=\"586\">En <em data-start=\"92\" data-end=\"111\">Haizea Dastategia<\/em> llevamos el sabor de siempre a cada taza y a cada bocado. Somos una cafeter\u00eda de toda la vida, donde el aroma del caf\u00e9 reci\u00e9n hecho se mezcla con el dulce perfume de nuestra pasteler\u00eda casera.<\/p><p data-start=\"68\" data-end=\"586\">Abrimos cada d\u00eda para acompa\u00f1arte en tus ma\u00f1anas con desayunos llenos de cari\u00f1o, tertulias sin prisa y sonrisas compartidas.<\/p><p data-start=\"68\" data-end=\"586\">En el coraz\u00f3n de Lequeitio, Vizcaya, te esperamos para que disfrutes de un rinc\u00f3n donde lo sencillo es lo m\u00e1s especial. Aqu\u00ed, la tradici\u00f3n se saborea.<\/p>\t\t\t\t\t\t\t\t<\/div>\n\t\t\t\t<\/div>\n\t\t\t\t\t<\/div>\n\t\t\t\t<\/div>\n\t\t<div class=\"elementor-element elementor-element-0b48b97 e-flex e-con-boxed e-con e-parent\" data-id=\"0b48b97\" data-element_type=\"container\" data-e-type=\"container\" data-settings=\"{&quot;background_background&quot;:&quot;classic&quot;}\">\n\t\t\t\t\t<div class=\"e-con-inner\">\n\t\t\t\t<div class=\"elementor-element elementor-element-88d6739 elementor-invisible elementor-widget elementor-widget-heading\" data-id=\"88d6739\" data-element_type=\"widget\" data-e-type=\"widget\" data-settings=\"{&quot;_animation&quot;:&quot;fadeInDown&quot;,&quot;motion_fx_motion_fx_scrolling&quot;:&quot;yes&quot;,&quot;motion_fx_opacity_effect&quot;:&quot;yes&quot;,&quot;motion_fx_opacity_direction&quot;:&quot;out-in-out&quot;,&quot;motion_fx_opacity_range&quot;:{&quot;unit&quot;:&quot;%&quot;,&quot;size&quot;:&quot;&quot;,&quot;sizes&quot;:{&quot;start&quot;:37,&quot;end&quot;:100}},&quot;motion_fx_opacity_level&quot;:{&quot;unit&quot;:&quot;px&quot;,&quot;size&quot;:10,&quot;sizes&quot;:[]},&quot;motion_fx_devices&quot;:[&quot;desktop&quot;,&quot;tablet&quot;,&quot;mobile&quot;]}\" data-widget_type=\"heading.default\">\n\t\t\t\t\t<h2 class=\"elementor-heading-title elementor-size-default\">Deja que tu pr\u00f3ximo desayuno sea en Haizea Dastategia.<\/h2>\t\t\t\t<\/div>\n\t\t\t\t<div class=\"elementor-element elementor-element-486ffd9 elementor-invisible elementor-widget elementor-widget-text-editor\" data-id=\"486ffd9\" data-element_type=\"widget\" data-e-type=\"widget\" data-settings=\"{&quot;_animation&quot;:&quot;fadeInUp&quot;,&quot;motion_fx_motion_fx_scrolling&quot;:&quot;yes&quot;,&quot;motion_fx_opacity_effect&quot;:&quot;yes&quot;,&quot;motion_fx_opacity_direction&quot;:&quot;out-in-out&quot;,&quot;motion_fx_opacity_range&quot;:{&quot;unit&quot;:&quot;%&quot;,&quot;size&quot;:&quot;&quot;,&quot;sizes&quot;:{&quot;start&quot;:37,&quot;end&quot;:100}},&quot;motion_fx_opacity_level&quot;:{&quot;unit&quot;:&quot;px&quot;,&quot;size&quot;:10,&quot;sizes&quot;:[]},&quot;motion_fx_devices&quot;:[&quot;desktop&quot;,&quot;tablet&quot;,&quot;mobile&quot;]}\" data-widget_type=\"text-editor.default\">\n\t\t\t\t\t\t\t\t\t<p data-start=\"540\" data-end=\"715\">Ven a descubrir el aroma de nuestras ma\u00f1anas y el sabor de nuestra pasteler\u00eda casera.<\/p>\t\t\t\t\t\t\t\t<\/div>\n\t\t\t\t<div class=\"elementor-element elementor-element-7d006f7 elementor-tablet-align-center animated-slow elementor-invisible elementor-widget elementor-widget-button\" data-id=\"7d006f7\" data-element_type=\"widget\" data-e-type=\"widget\" data-settings=\"{&quot;_animation&quot;:&quot;fadeInUp&quot;,&quot;_animation_tablet&quot;:&quot;fadeInUp&quot;,&quot;_animation_mobile&quot;:&quot;fadeInUp&quot;}\" data-widget_type=\"button.default\">\n\t\t\t\t\t\t\t\t\t\t<a class=\"elementor-button elementor-button-link elementor-size-sm\" href=\"https:\/\/barhaizea.com\/productos\/\">\n\t\t\t\t\t\t<span class=\"elementor-button-content-wrapper\">\n\t\t\t\t\t\t\t\t\t<span class=\"elementor-button-text\">Productos<\/span>\n\t\t\t\t\t<\/span>\n\t\t\t\t\t<\/a>\n\t\t\t\t\t\t\t\t<\/div>\n\t\t\t\t\t<\/div>\n\t\t\t\t<\/div>\n\t\t\t\t<\/div>\n\t\t","protected":false},"excerpt":{"rendered":"<p>Haizea Sobre Nosotros En Haizea Dastategia llevamos el sabor de siempre a cada taza y a cada bocado. Somos una cafeter\u00eda de toda la vida, donde el aroma del caf\u00e9 reci\u00e9n hecho se mezcla con el dulce perfume de nuestra pasteler\u00eda casera. Abrimos cada d\u00eda para acompa\u00f1arte en tus ma\u00f1anas con desayunos llenos de cari\u00f1o, [&hellip;]<\/p>\n","protected":false},"author":1,"featured_media":0,"parent":0,"menu_order":0,"comment_status":"closed","ping_status":"closed","template":"elementor_canvas","meta":{"footnotes":""},"class_list":["post-10","page","type-page","status-publish","hentry"],"yoast_head":"<!-- This site is optimized with the Yoast SEO plugin v27.3 - https:\/\/yoast.com\/product\/yoast-seo-wordpress\/ -->\n<title>Inicio - Bar Haizea<\/title>\n<meta name=\"robots\" content=\"index, follow, max-snippet:-1, max-image-preview:large, max-video-preview:-1\" \/>\n<link rel=\"canonical\" href=\"https:\/\/barhaizea.com\/eu\/\" \/>\n<meta property=\"og:locale\" content=\"en_US\" \/>\n<meta property=\"og:type\" content=\"article\" \/>\n<meta property=\"og:title\" content=\"Inicio - Bar Haizea\" \/>\n<meta property=\"og:description\" content=\"Haizea Sobre Nosotros En Haizea Dastategia llevamos el sabor de siempre a cada taza y a cada bocado. Somos una cafeter\u00eda de toda la vida, donde el aroma del caf\u00e9 reci\u00e9n hecho se mezcla con el dulce perfume de nuestra pasteler\u00eda casera. Abrimos cada d\u00eda para acompa\u00f1arte en tus ma\u00f1anas con desayunos llenos de cari\u00f1o, [&hellip;]\" \/>\n<meta property=\"og:url\" content=\"https:\/\/barhaizea.com\/eu\/\" \/>\n<meta property=\"og:site_name\" content=\"Bar Haizea\" \/>\n<meta property=\"article:modified_time\" content=\"2025-08-11T09:13:27+00:00\" \/>\n<meta property=\"og:image\" content=\"https:\/\/barhaizea.com\/wp-content\/uploads\/2025\/08\/9104-1024x683.jpg\" \/>\n<meta name=\"twitter:card\" content=\"summary_large_image\" \/>\n<meta name=\"twitter:label1\" content=\"Est. reading time\" \/>\n\t<meta name=\"twitter:data1\" content=\"1 minutua\" \/>\n<script type=\"application\/ld+json\" class=\"yoast-schema-graph\">{\"@context\":\"https:\\\/\\\/schema.org\",\"@graph\":[{\"@type\":\"WebPage\",\"@id\":\"https:\\\/\\\/barhaizea.com\\\/\",\"url\":\"https:\\\/\\\/barhaizea.com\\\/\",\"name\":\"Inicio - Bar Haizea\",\"isPartOf\":{\"@id\":\"https:\\\/\\\/barhaizea.com\\\/#website\"},\"primaryImageOfPage\":{\"@id\":\"https:\\\/\\\/barhaizea.com\\\/#primaryimage\"},\"image\":{\"@id\":\"https:\\\/\\\/barhaizea.com\\\/#primaryimage\"},\"thumbnailUrl\":\"https:\\\/\\\/barhaizea.com\\\/wp-content\\\/uploads\\\/2025\\\/08\\\/9104-1024x683.jpg\",\"datePublished\":\"2025-08-11T07:25:21+00:00\",\"dateModified\":\"2025-08-11T09:13:27+00:00\",\"breadcrumb\":{\"@id\":\"https:\\\/\\\/barhaizea.com\\\/#breadcrumb\"},\"inLanguage\":\"eu\",\"potentialAction\":[{\"@type\":\"ReadAction\",\"target\":[\"https:\\\/\\\/barhaizea.com\\\/\"]}]},{\"@type\":\"ImageObject\",\"inLanguage\":\"eu\",\"@id\":\"https:\\\/\\\/barhaizea.com\\\/#primaryimage\",\"url\":\"https:\\\/\\\/barhaizea.com\\\/wp-content\\\/uploads\\\/2025\\\/08\\\/9104-1024x683.jpg\",\"contentUrl\":\"https:\\\/\\\/barhaizea.com\\\/wp-content\\\/uploads\\\/2025\\\/08\\\/9104-1024x683.jpg\"},{\"@type\":\"BreadcrumbList\",\"@id\":\"https:\\\/\\\/barhaizea.com\\\/#breadcrumb\",\"itemListElement\":[{\"@type\":\"ListItem\",\"position\":1,\"name\":\"Portada\",\"item\":\"https:\\\/\\\/barhaizea.com\\\/\"},{\"@type\":\"ListItem\",\"position\":2,\"name\":\"Inicio\"}]},{\"@type\":\"WebSite\",\"@id\":\"https:\\\/\\\/barhaizea.com\\\/#website\",\"url\":\"https:\\\/\\\/barhaizea.com\\\/\",\"name\":\"Bar Haizea\",\"description\":\"Cafeter\u00eda\",\"publisher\":{\"@id\":\"https:\\\/\\\/barhaizea.com\\\/#organization\"},\"potentialAction\":[{\"@type\":\"SearchAction\",\"target\":{\"@type\":\"EntryPoint\",\"urlTemplate\":\"https:\\\/\\\/barhaizea.com\\\/?s={search_term_string}\"},\"query-input\":{\"@type\":\"PropertyValueSpecification\",\"valueRequired\":true,\"valueName\":\"search_term_string\"}}],\"inLanguage\":\"eu\"},{\"@type\":\"Organization\",\"@id\":\"https:\\\/\\\/barhaizea.com\\\/#organization\",\"name\":\"Bar Haizea\",\"url\":\"https:\\\/\\\/barhaizea.com\\\/\",\"logo\":{\"@type\":\"ImageObject\",\"inLanguage\":\"eu\",\"@id\":\"https:\\\/\\\/barhaizea.com\\\/#\\\/schema\\\/logo\\\/image\\\/\",\"url\":\"https:\\\/\\\/barhaizea.com\\\/wp-content\\\/uploads\\\/2025\\\/08\\\/cropped-Haizea-1.png\",\"contentUrl\":\"https:\\\/\\\/barhaizea.com\\\/wp-content\\\/uploads\\\/2025\\\/08\\\/cropped-Haizea-1.png\",\"width\":418,\"height\":207,\"caption\":\"Bar Haizea\"},\"image\":{\"@id\":\"https:\\\/\\\/barhaizea.com\\\/#\\\/schema\\\/logo\\\/image\\\/\"}}]}<\/script>\n<!-- \/ Yoast SEO plugin. -->","yoast_head_json":{"title":"Inicio - Bar Haizea","robots":{"index":"index","follow":"follow","max-snippet":"max-snippet:-1","max-image-preview":"max-image-preview:large","max-video-preview":"max-video-preview:-1"},"canonical":"https:\/\/barhaizea.com\/eu\/","og_locale":"en_US","og_type":"article","og_title":"Inicio - Bar Haizea","og_description":"Haizea Sobre Nosotros En Haizea Dastategia llevamos el sabor de siempre a cada taza y a cada bocado. Somos una cafeter\u00eda de toda la vida, donde el aroma del caf\u00e9 reci\u00e9n hecho se mezcla con el dulce perfume de nuestra pasteler\u00eda casera. Abrimos cada d\u00eda para acompa\u00f1arte en tus ma\u00f1anas con desayunos llenos de cari\u00f1o, [&hellip;]","og_url":"https:\/\/barhaizea.com\/eu\/","og_site_name":"Bar Haizea","article_modified_time":"2025-08-11T09:13:27+00:00","og_image":[{"url":"https:\/\/barhaizea.com\/wp-content\/uploads\/2025\/08\/9104-1024x683.jpg","type":"","width":"","height":""}],"twitter_card":"summary_large_image","twitter_misc":{"Est. reading time":"1 minutua"},"schema":{"@context":"https:\/\/schema.org","@graph":[{"@type":"WebPage","@id":"https:\/\/barhaizea.com\/","url":"https:\/\/barhaizea.com\/","name":"Inicio - Bar Haizea","isPartOf":{"@id":"https:\/\/barhaizea.com\/#website"},"primaryImageOfPage":{"@id":"https:\/\/barhaizea.com\/#primaryimage"},"image":{"@id":"https:\/\/barhaizea.com\/#primaryimage"},"thumbnailUrl":"https:\/\/barhaizea.com\/wp-content\/uploads\/2025\/08\/9104-1024x683.jpg","datePublished":"2025-08-11T07:25:21+00:00","dateModified":"2025-08-11T09:13:27+00:00","breadcrumb":{"@id":"https:\/\/barhaizea.com\/#breadcrumb"},"inLanguage":"eu","potentialAction":[{"@type":"ReadAction","target":["https:\/\/barhaizea.com\/"]}]},{"@type":"ImageObject","inLanguage":"eu","@id":"https:\/\/barhaizea.com\/#primaryimage","url":"https:\/\/barhaizea.com\/wp-content\/uploads\/2025\/08\/9104-1024x683.jpg","contentUrl":"https:\/\/barhaizea.com\/wp-content\/uploads\/2025\/08\/9104-1024x683.jpg"},{"@type":"BreadcrumbList","@id":"https:\/\/barhaizea.com\/#breadcrumb","itemListElement":[{"@type":"ListItem","position":1,"name":"Portada","item":"https:\/\/barhaizea.com\/"},{"@type":"ListItem","position":2,"name":"Inicio"}]},{"@type":"WebSite","@id":"https:\/\/barhaizea.com\/#website","url":"https:\/\/barhaizea.com\/","name":"Bar Haizea","description":"Cafeter\u00eda","publisher":{"@id":"https:\/\/barhaizea.com\/#organization"},"potentialAction":[{"@type":"SearchAction","target":{"@type":"EntryPoint","urlTemplate":"https:\/\/barhaizea.com\/?s={search_term_string}"},"query-input":{"@type":"PropertyValueSpecification","valueRequired":true,"valueName":"search_term_string"}}],"inLanguage":"eu"},{"@type":"Organization","@id":"https:\/\/barhaizea.com\/#organization","name":"Bar Haizea","url":"https:\/\/barhaizea.com\/","logo":{"@type":"ImageObject","inLanguage":"eu","@id":"https:\/\/barhaizea.com\/#\/schema\/logo\/image\/","url":"https:\/\/barhaizea.com\/wp-content\/uploads\/2025\/08\/cropped-Haizea-1.png","contentUrl":"https:\/\/barhaizea.com\/wp-content\/uploads\/2025\/08\/cropped-Haizea-1.png","width":418,"height":207,"caption":"Bar Haizea"},"image":{"@id":"https:\/\/barhaizea.com\/#\/schema\/logo\/image\/"}}]}},"_links":{"self":[{"href":"https:\/\/barhaizea.com\/eu\/wp-json\/wp\/v2\/pages\/10","targetHints":{"allow":["GET"]}}],"collection":[{"href":"https:\/\/barhaizea.com\/eu\/wp-json\/wp\/v2\/pages"}],"about":[{"href":"https:\/\/barhaizea.com\/eu\/wp-json\/wp\/v2\/types\/page"}],"author":[{"embeddable":true,"href":"https:\/\/barhaizea.com\/eu\/wp-json\/wp\/v2\/users\/1"}],"replies":[{"embeddable":true,"href":"https:\/\/barhaizea.com\/eu\/wp-json\/wp\/v2\/comments?post=10"}],"version-history":[{"count":37,"href":"https:\/\/barhaizea.com\/eu\/wp-json\/wp\/v2\/pages\/10\/revisions"}],"predecessor-version":[{"id":173,"href":"https:\/\/barhaizea.com\/eu\/wp-json\/wp\/v2\/pages\/10\/revisions\/173"}],"wp:attachment":[{"href":"https:\/\/barhaizea.com\/eu\/wp-json\/wp\/v2\/media?parent=10"}],"curies":[{"name":"wp","href":"https:\/\/api.w.org\/{rel}","templated":true}]}}